{"id":465,"date":"2024-05-31T16:55:07","date_gmt":"2024-05-31T14:55:07","guid":{"rendered":"https:\/\/eukalypton.com\/?page_id=465"},"modified":"2024-07-26T17:40:54","modified_gmt":"2024-07-26T15:40:54","slug":"notre-blog","status":"publish","type":"page","link":"https:\/\/eukalypton.com\/en\/notre-blog\/","title":{"rendered":"Notre blog"},"content":{"rendered":"\t\t<div data-elementor-type=\"wp-page\" data-elementor-id=\"465\" class=\"elementor elementor-465\" data-elementor-settings=\"{&quot;ha_cmc_init_switcher&quot;:&quot;no&quot;}\">\n\t\t\t\t<div class=\"elementor-element elementor-element-52a28a2 e-con-full e-flex e-con e-parent\" data-id=\"52a28a2\" data-element_type=\"container\" data-e-type=\"container\" data-settings=\"{&quot;_ha_eqh_enable&quot;:false}\">\n\t\t\t\t<div class=\"elementor-element elementor-element-3d95740 elementor-widget elementor-widget-html\" data-id=\"3d95740\" data-element_type=\"widget\" data-e-type=\"widget\" data-widget_type=\"html.default\">\n\t\t\t\t<div class=\"elementor-widget-container\">\n\t\t\t\t\t<div class=\"contact-section-header\">\r\n        <div class=\"overlay\">\r\n            <h1 style=\"color:white;\">Blog<\/h1>\r\n            <p class=\"p-contact\">D\u00e9couvrez nos articles inspirants pour les entreprises et startups, porteurs de projets, associations, et territoires.<\/p>\r\n        <\/div>\r\n    <\/div>\r\n    \r\n    <style>\r\n        body, html {\r\n    margin: 0;\r\n    padding: 0;\r\n    font-family: 'Sen', sans-serif;\r\n}\r\n\r\n.contact-section-header {\r\n    position: relative;\r\n    width: 100%;\r\n    height: 40vh;\r\n    background:linear-gradient(rgba(0, 0, 0, 0.5), rgba(0, 0, 0, 0.5)), url('https:\/\/eukalypton.com\/wp-content\/uploads\/2024\/06\/76479.jpg') no-repeat center center\/cover;\r\n    display: flex;\r\n    align-items: center;\r\n    justify-content: center;\r\n    text-align: center;\r\n    \r\n     \r\n}\r\n \r\n \r\n \r\n}\r\n \r\n\r\n.contact-us {\r\n    margin: 0;\r\n    font-size: 2.5em;\r\n    \r\n}\r\n\r\n.p-contact {\r\n    margin: 10px 0 0;\r\n    font-size: 1.2em;\r\n    color:#fff;\r\n}\r\n\r\n@media (max-width: 768px) {\r\n    .overlay {\r\n        padding: 10px;\r\n    }\r\n    h1 {\r\n        font-size: 2em;\r\n    }\r\n    p {\r\n        font-size: 1em;\r\n    }\r\n}\r\n\r\n    <\/style>\r\n    \r\n    <script src=\"https:\/\/cdnjs.cloudflare.com\/ajax\/libs\/gsap\/3.10.4\/gsap.min.js\"><\/script>\r\n<script src=\"https:\/\/cdnjs.cloudflare.com\/ajax\/libs\/gsap\/3.10.4\/ScrollTrigger.min.js\"><\/script>\r\n<script>\r\ndocument.addEventListener('DOMContentLoaded', function() {\r\n    gsap.registerPlugin(ScrollTrigger);\r\n\r\n    gsap.from('.contact-section-header .overlay', {\r\n        scrollTrigger: {\r\n            trigger: '.contact-section-header',\r\n            start: 'top 80%', \/\/ D\u00e9clenchement lorsque le haut de la section atteint 80% de la hauteur de la fen\u00eatre\r\n            end: 'bottom 60%', \/\/ Fin de l'animation lorsque le bas de la section atteint 60% de la hauteur de la fen\u00eatre\r\n            toggleActions: 'play none none reverse' \/\/ Joue l'animation en scroll down, annule en scroll up\r\n        },\r\n        duration: 1.5, \/\/ Dur\u00e9e de l'animation en secondes\r\n        opacity: 0, \/\/ Commence \u00e0 une opacit\u00e9 de 0\r\n        y: 50, \/\/ D\u00e9place la section de 50px vers le bas\r\n        ease: 'power4.out' \/\/ Facilit\u00e9 de l'animation\r\n    });\r\n\r\n    gsap.from('.contact-section-header h1', {\r\n        scrollTrigger: {\r\n            trigger: '.contact-section-header',\r\n            start: 'top 75%',\r\n            toggleActions: 'play none none reverse'\r\n        },\r\n        duration: 1,\r\n        opacity: 0,\r\n        y: -30,\r\n        delay: 0.2,\r\n        ease: 'power4.out'\r\n    });\r\n\r\n    gsap.from('.contact-section-header .p-contact', {\r\n        scrollTrigger: {\r\n            trigger: '.contact-section-header',\r\n            start: 'top 70%',\r\n            toggleActions: 'play none none reverse'\r\n        },\r\n        duration: 1,\r\n        opacity: 0,\r\n        y: -20,\r\n        delay: 0.4,\r\n        ease: 'power4.out'\r\n    });\r\n});\r\n<\/script>\r\n\t\t\t\t<\/div>\n\t\t\t\t<\/div>\n\t\t\t\t<\/div>\n\t\t<div class=\"elementor-element elementor-element-051ba2d e-flex e-con-boxed e-con e-parent\" data-id=\"051ba2d\" data-element_type=\"container\" data-e-type=\"container\" data-settings=\"{&quot;_ha_eqh_enable&quot;:false}\">\n\t\t\t\t\t<div class=\"e-con-inner\">\n\t\t\t\t<div class=\"elementor-element elementor-element-5246784 elementor-search-form-skin-default elementor-widget elementor-widget-bdt-search\" data-id=\"5246784\" data-element_type=\"widget\" data-e-type=\"widget\" data-widget_type=\"bdt-search.default\">\n\t\t\t\t<div class=\"elementor-widget-container\">\n\t\t\t\t\t\t\t<div class=\"bdt-search-container\">\n\t\t\t\n\t\t\t\n\t\t\t<form class=\"bdt-search bdt-ajax-search bdt-search-default\" role=\"search\" method=\"get\" action=\"https:\/\/eukalypton.com\/en\/\" anchor-target=\"yes\" autocomplete=\"off\" data-settings=\"{&quot;post_type&quot;:&quot;post&quot;,&quot;per_page&quot;:5,&quot;include_by&quot;:[&quot;authors&quot;,&quot;terms&quot;]}\">\n\t\t\t\t<div class=\"bdt-position-relative\">\n\t\t\t\t\t<span class=\"bdt-search-icon-flip\" data-bdt-search-icon><\/span>\t\t\t\t\t\t\t\t\t\t\t<input name=\"post_type\" id=\"post_type\" type=\"hidden\" value=\"post\">\n\t\t\t\t\t\t\t\t\t\t<input placeholder=\"Search..\" class=\"bdt-search-input\" type=\"search\" name=\"s\" title=\"Search\" value=\"\">\n\t\t\t\t\t\t\t\t\t<\/div>\n\n\n\t\t\t\t\t\t\t\t\t<div class=\"bdt-search-result\" style=\"display:none\"><\/div>\n\t\t\t\t\t\t\t<\/form>\n\n\t\t\t\t<\/div>\n\t\t\t\t\t\t<\/div>\n\t\t\t\t<\/div>\n\t\t\t\t\t<\/div>\n\t\t\t\t<\/div>\n\t\t<div class=\"elementor-element elementor-element-d768f0f e-flex e-con-boxed e-con e-parent\" data-id=\"d768f0f\" data-element_type=\"container\" data-e-type=\"container\" data-settings=\"{&quot;_ha_eqh_enable&quot;:false}\">\n\t\t\t\t\t<div class=\"e-con-inner\">\n\t\t\t\t<div class=\"elementor-element elementor-element-171b344 author-image-visibility-image title-alignment-center meta-visibility-show section-title-style-style1 title_position_default title_hover_border_default title-default img_hover_animation_default meta_position_default tpg-is-author-icon-show readmore-btn-default-style grid-hover-overlay-type-always tpg-el-box-border-enable tpg-border-bottom-disable elementor-widget elementor-widget-tpg-grid-layout\" data-id=\"171b344\" data-element_type=\"widget\" data-e-type=\"widget\" data-widget_type=\"tpg-grid-layout.default\">\n\t\t\t\t<div class=\"elementor-widget-container\">\n\t\t\t\t\t\t\t<div class=\"rt-container-fluid rt-tpg-container tpg-el-main-wrapper clearfix grid-layout1-main \"\n\t\t\t id=\"rt-tpg-container-292824042\"\n\t\t\t data-layout=\"grid-layout1\"\n\t\t\t data-grid-style=\"tpg-full-height\"\n\t\t\t data-sc-id=\"elementor\"\n\t\t\t data-el-settings=''\n\t\t\t data-el-query=''\n\t\t\t data-el-path=''\n\t\t>\n\t\t\t\t\t\t<div class='tpg-header-wrapper '>\n\t\t\t\t\n        <div class=\"tpg-widget-heading-wrapper rt-clear heading-style1 \">\n            <span class=\"tpg-widget-heading-line line-left\"><\/span>\n\t\t\t<h2 class='tpg-widget-heading'>\n\t\t\t\n\t\t\t\t                    <span>\n\t\t\t\t\t\tArticle r\u00e9cent\t\t\t\t\t<\/span>\n\t\t\t\t\t\n\t\t\t\t\t\t\t<\/h2>            <span class=\"tpg-widget-heading-line line-right\"><\/span>\n\n\t\t\t\n        <\/div>\n\n\t\t\n\t\t\t\t\t<\/div>\n\n\t\t\t<div data-title=\"Loading ...\" class=\"rt-row rt-content-loader grid-layout1 grid-behaviour tpg-full-height grid_layout_wrapper\">\n\t\t\t\t<div class=\"rt-col-md-12 rt-col-sm-6 rt-col-xs-12 default rt-grid-item post-2589 post type-post status-publish format-standard has-post-thumbnail hentry category-entreprise entry has-media\"        data-id=\"2589\">\n    <div class=\"rt-holder tpg-post-holder \">\n        <div class=\"rt-detail rt-el-content-wrapper\">\n\t\t\t                <div class=\"rt-img-holder tpg-el-image-wrap has-thumbnail\">\n\t\t\t\t\t<a data-id=\"2589\" href=\"https:\/\/eukalypton.com\/en\/transformer-les-defis-de-la-rse-en-opportunites\/\" class=\"tpg-post-link\" target=\"_self\">                        <img fetchpriority=\"high\" decoding=\"async\" src=\"https:\/\/eukalypton.com\/wp-content\/uploads\/2024\/08\/25666-768x1152.jpg\"\n                             class=\"rt-img-responsive\"\n                             width=\"768\"\n                             height=\"1152\"\n                             alt=\"Transformer les D\u00e9fis de la RSE en Opportunit\u00e9s : Un Guide Puissant\">\n\t\t\t\t\t\t\n\t\t\t\t\t\t\t\n\t\t<\/a>\n\t\t        <div class=\"overlay grid-hover-content\"><\/div>\n\t\t                <\/div>\n\t\t\t\n\t\t\t<div class=\"entry-title-wrapper\"><h3 class=\"entry-title\"><a data-id=\"2589\" href=\"https:\/\/eukalypton.com\/en\/transformer-les-defis-de-la-rse-en-opportunites\/\" class=\"tpg-post-link\" target=\"_self\">Transformer les D\u00e9fis de la RSE en Opportunit\u00e9s : Un Guide Puissant<\/a><\/h3><\/div>\n\t\t\t                <div class=\"post-meta-tags rt-el-post-meta\">\n\t\t\t\t\t            <span class='author has-author-avatar'>\n\n\t\t\t\t<img alt='' src='https:\/\/secure.gravatar.com\/avatar\/44735e7d4593111fb7a51cdf479da71546510bfcff19e1de1b08709d670b04c5?s=80&#038;d=mm&#038;r=g' class='avatar avatar-80 photo' height='80' width='80' \/><a href=\"https:\/\/eukalypton.com\/en\/author\/juneldev\/\">JunelDev<\/a>\t\t\t<\/span>\n\t\t\t            <span class='date'>\n\t\t\t\t<i class='far fa-calendar-alt '><\/i>\t\t\t\t                    <a href=\"https:\/\/eukalypton.com\/en\/2024\/08\/22\/\">\n\t\t\t\t\t22 August 2024\t\t\t\t<\/a>\n\t\t\t\t\t\t\t<\/span>\n\t\t\t                <\/div>\n\t\t\t\n\n\t\t\t                <div class=\"tpg-excerpt tpg-el-excerpt\">\n\t\t\t\t\t                        <div class=\"tpg-excerpt-inner\">\n\t\t\t\t\t\t\tLa Responsabilit\u00e9 Sociale des Entreprises (RSE) n\u2019est plus simplement une option pour les entreprises modernes, c\u2019est devenu une n\u00e9cessit\u00e9. Cependant, nombreux sont ceux qui voient encore la RSE comme...                        <\/div>\n\t\t\t\t\t\t\t\t\t\t                <\/div>\n\t\t\t\n\t\t\t        <div class=\"post-footer\">\n            <div class=\"post-footer\">\n                <div class=\"read-more\">\n\t\t\t\t\t<a data-id=\"2589\" href=\"https:\/\/eukalypton.com\/en\/transformer-les-defis-de-la-rse-en-opportunites\/\" class=\"tpg-post-link\" target=\"_self\">Read More<\/a>                <\/div>\n            <\/div>\n        <\/div>\n\t\t        <\/div>\n    <\/div>\n<\/div>\n\t\t\t<\/div>\n\t\t\t\n\t\t<\/div>\n\t\t\t\t\t\t<\/div>\n\t\t\t\t<\/div>\n\t\t\t\t\t<\/div>\n\t\t\t\t<\/div>\n\t\t<div class=\"elementor-element elementor-element-e9ec2f9 e-con-full e-flex e-con e-parent\" data-id=\"e9ec2f9\" data-element_type=\"container\" data-e-type=\"container\" data-settings=\"{&quot;_ha_eqh_enable&quot;:false}\">\n\t\t\t\t<div class=\"elementor-element elementor-element-3af9cd9 elementor-widget__width-inherit elementor-widget elementor-widget-shortcode\" data-id=\"3af9cd9\" data-element_type=\"widget\" data-e-type=\"widget\" data-widget_type=\"shortcode.default\">\n\t\t\t\t<div class=\"elementor-widget-container\">\n\t\t\t\t\t\t\t<div class=\"elementor-shortcode\"><div id=\"caf-post-layout-container\" class=\"caf-post-layout-container  filter-layout1 post-layout1 data-target-div1\" data-post-type=\"post\" data-tax=\"category\" data-terms=\"16,15,17,14\" data-per-page=\"6\" data-selected-terms=\"16,15,17,14\" data-filter-id=\"571\" data-post-layout=\"post-layout1\" data-target-div=\"data-target-div1\"><div id=\"caf-filter-layout1\" class='caf-filter-layout data-target-div1 '>\r\n    <ul class=\"caf-filter-container caf-filter-layout1\">\r\n        <li class=\"caf-mb-4\"><a href=\"#\" data-id=\"16,15,17,14\" data-main-id=\"flt\" class=\" abc active\" data-target-div=\"data-target-div1\">All<\/a><\/li><li class='caf-mb-4'><a href='#' data-id='16' data-main-id='flt' data-target-div='data-target-div1' class=''>Association<\/a><\/li><li class='caf-mb-4'><a href='#' data-id='15' data-main-id='flt' data-target-div='data-target-div1' class=''>Entreprise<\/a><\/li><li class='caf-mb-4'><a href='#' data-id='17' data-main-id='flt' data-target-div='data-target-div1' class=''>Porteur de projet<\/a><\/li><li class='caf-mb-4'><a href='#' data-id='14' data-main-id='flt' data-target-div='data-target-div1' class=''>Ville<\/a><\/li>    <\/ul>\r\n<\/div><div id='manage-ajax-response' class='caf-row'><div class=\"status\"><i class=\"fa fa-spinner\" aria-hidden=\"true\"><\/i><\/div><div class=\"content\"><\/div><\/div><\/div><\/div>\n\t\t\t\t\t\t<\/div>\n\t\t\t\t<\/div>\n\t\t\t\t<\/div>\n\t\t\t\t<\/div>\n\t\t","protected":false},"excerpt":{"rendered":"<p>Blog D\u00e9couvrez nos articles inspirants pour les entreprises et startups, porteurs de projets, associations, et territoires. Article r\u00e9cent Comment les Associations peuvent Am\u00e9liorer leur Communication et leur Visibilit\u00e9 JunelDev 20 juin 2024 La communication efficace est essentielle pour le succ\u00e8s des associations, qu&#8217;elles soient locales ou internationales. En Europe et en Afrique, les associations font [&hellip;]<\/p>\n","protected":false},"author":1,"featured_media":0,"parent":0,"menu_order":0,"comment_status":"closed","ping_status":"closed","template":"","meta":{"_monsterinsights_skip_tracking":false,"_monsterinsights_sitenote_active":false,"_monsterinsights_sitenote_note":"","_monsterinsights_sitenote_category":0,"ocean_post_layout":"","ocean_both_sidebars_style":"","ocean_both_sidebars_content_width":0,"ocean_both_sidebars_sidebars_width":0,"ocean_sidebar":"","ocean_second_sidebar":"","ocean_disable_margins":"enable","ocean_add_body_class":"","ocean_shortcode_before_top_bar":"","ocean_shortcode_after_top_bar":"","ocean_shortcode_before_header":"","ocean_shortcode_after_header":"","ocean_has_shortcode":"","ocean_shortcode_after_title":"","ocean_shortcode_before_footer_widgets":"","ocean_shortcode_after_footer_widgets":"","ocean_shortcode_before_footer_bottom":"","ocean_shortcode_after_footer_bottom":"","ocean_display_top_bar":"default","ocean_display_header":"default","ocean_header_style":"","ocean_center_header_left_menu":"","ocean_custom_header_template":"","ocean_custom_logo":0,"ocean_custom_retina_logo":0,"ocean_custom_logo_max_width":0,"ocean_custom_logo_tablet_max_width":0,"ocean_custom_logo_mobile_max_width":0,"ocean_custom_logo_max_height":0,"ocean_custom_logo_tablet_max_height":0,"ocean_custom_logo_mobile_max_height":0,"ocean_header_custom_menu":"","ocean_menu_typo_font_family":"","ocean_menu_typo_font_subset":"","ocean_menu_typo_font_size":0,"ocean_menu_typo_font_size_tablet":0,"ocean_menu_typo_font_size_mobile":0,"ocean_menu_typo_font_size_unit":"px","ocean_menu_typo_font_weight":"","ocean_menu_typo_font_weight_tablet":"","ocean_menu_typo_font_weight_mobile":"","ocean_menu_typo_transform":"","ocean_menu_typo_transform_tablet":"","ocean_menu_typo_transform_mobile":"","ocean_menu_typo_line_height":0,"ocean_menu_typo_line_height_tablet":0,"ocean_menu_typo_line_height_mobile":0,"ocean_menu_typo_line_height_unit":"","ocean_menu_typo_spacing":0,"ocean_menu_typo_spacing_tablet":0,"ocean_menu_typo_spacing_mobile":0,"ocean_menu_typo_spacing_unit":"","ocean_menu_link_color":"","ocean_menu_link_color_hover":"","ocean_menu_link_color_active":"","ocean_menu_link_background":"","ocean_menu_link_hover_background":"","ocean_menu_link_active_background":"","ocean_menu_social_links_bg":"","ocean_menu_social_hover_links_bg":"","ocean_menu_social_links_color":"","ocean_menu_social_hover_links_color":"","ocean_disable_title":"default","ocean_disable_heading":"default","ocean_post_title":"","ocean_post_subheading":"","ocean_post_title_style":"","ocean_post_title_background_color":"","ocean_post_title_background":0,"ocean_post_title_bg_image_position":"","ocean_post_title_bg_image_attachment":"","ocean_post_title_bg_image_repeat":"","ocean_post_title_bg_image_size":"","ocean_post_title_height":0,"ocean_post_title_bg_overlay":0.5,"ocean_post_title_bg_overlay_color":"","ocean_disable_breadcrumbs":"default","ocean_breadcrumbs_color":"","ocean_breadcrumbs_separator_color":"","ocean_breadcrumbs_links_color":"","ocean_breadcrumbs_links_hover_color":"","ocean_display_footer_widgets":"default","ocean_display_footer_bottom":"default","ocean_custom_footer_template":"","footnotes":""},"class_list":["post-465","page","type-page","status-publish","hentry","entry","has-media"],"yoast_head":"<!-- This site is optimized with the Yoast SEO plugin v27.1.1 - https:\/\/yoast.com\/product\/yoast-seo-wordpress\/ -->\n<title>Notre blog - Eukalypton - vous accompagne dans vos transformations<\/title>\n<meta name=\"robots\" content=\"index, follow, max-snippet:-1, max-image-preview:large, max-video-preview:-1\" \/>\n<link rel=\"canonical\" href=\"https:\/\/eukalypton.com\/en\/notre-blog\/\" \/>\n<meta property=\"og:locale\" content=\"en_US\" \/>\n<meta property=\"og:type\" content=\"article\" \/>\n<meta property=\"og:title\" content=\"Notre blog - Eukalypton - vous accompagne dans vos transformations\" \/>\n<meta property=\"og:description\" content=\"Blog D\u00e9couvrez nos articles inspirants pour les entreprises et startups, porteurs de projets, associations, et territoires. Article r\u00e9cent Comment les Associations peuvent Am\u00e9liorer leur Communication et leur Visibilit\u00e9 JunelDev 20 juin 2024 La communication efficace est essentielle pour le succ\u00e8s des associations, qu&#8217;elles soient locales ou internationales. En Europe et en Afrique, les associations font [&hellip;]\" \/>\n<meta property=\"og:url\" content=\"https:\/\/eukalypton.com\/en\/notre-blog\/\" \/>\n<meta property=\"og:site_name\" content=\"Eukalypton - vous accompagne dans vos transformations\" \/>\n<meta property=\"article:modified_time\" content=\"2024-07-26T15:40:54+00:00\" \/>\n<meta property=\"og:image\" content=\"https:\/\/eukalypton.com\/wp-content\/uploads\/2024\/06\/11472-768x512.jpg\" \/>\n<meta name=\"twitter:card\" content=\"summary_large_image\" \/>\n<meta name=\"twitter:label1\" content=\"Est. reading time\" \/>\n\t<meta name=\"twitter:data1\" content=\"1 minute\" \/>\n<script type=\"application\/ld+json\" class=\"yoast-schema-graph\">{\"@context\":\"https:\/\/schema.org\",\"@graph\":[{\"@type\":\"WebPage\",\"@id\":\"https:\/\/eukalypton.com\/en\/notre-blog\/\",\"url\":\"https:\/\/eukalypton.com\/en\/notre-blog\/\",\"name\":\"Notre blog - Eukalypton - vous accompagne dans vos transformations\",\"isPartOf\":{\"@id\":\"https:\/\/eukalypton.com\/#website\"},\"primaryImageOfPage\":{\"@id\":\"https:\/\/eukalypton.com\/en\/notre-blog\/#primaryimage\"},\"image\":{\"@id\":\"https:\/\/eukalypton.com\/en\/notre-blog\/#primaryimage\"},\"thumbnailUrl\":\"https:\/\/eukalypton.com\/wp-content\/uploads\/2024\/06\/11472-768x512.jpg\",\"datePublished\":\"2024-05-31T14:55:07+00:00\",\"dateModified\":\"2024-07-26T15:40:54+00:00\",\"breadcrumb\":{\"@id\":\"https:\/\/eukalypton.com\/en\/notre-blog\/#breadcrumb\"},\"inLanguage\":\"en-US\",\"potentialAction\":[{\"@type\":\"ReadAction\",\"target\":[\"https:\/\/eukalypton.com\/en\/notre-blog\/\"]}]},{\"@type\":\"ImageObject\",\"inLanguage\":\"en-US\",\"@id\":\"https:\/\/eukalypton.com\/en\/notre-blog\/#primaryimage\",\"url\":\"https:\/\/eukalypton.com\/wp-content\/uploads\/2024\/06\/11472-768x512.jpg\",\"contentUrl\":\"https:\/\/eukalypton.com\/wp-content\/uploads\/2024\/06\/11472-768x512.jpg\"},{\"@type\":\"BreadcrumbList\",\"@id\":\"https:\/\/eukalypton.com\/en\/notre-blog\/#breadcrumb\",\"itemListElement\":[{\"@type\":\"ListItem\",\"position\":1,\"name\":\"Accueil\",\"item\":\"https:\/\/eukalypton.com\/\"},{\"@type\":\"ListItem\",\"position\":2,\"name\":\"Notre blog\"}]},{\"@type\":\"WebSite\",\"@id\":\"https:\/\/eukalypton.com\/#website\",\"url\":\"https:\/\/eukalypton.com\/\",\"name\":\"Eukalypton - Consultation et Innovation\",\"description\":\"\",\"publisher\":{\"@id\":\"https:\/\/eukalypton.com\/#organization\"},\"potentialAction\":[{\"@type\":\"SearchAction\",\"target\":{\"@type\":\"EntryPoint\",\"urlTemplate\":\"https:\/\/eukalypton.com\/?s={search_term_string}\"},\"query-input\":{\"@type\":\"PropertyValueSpecification\",\"valueRequired\":true,\"valueName\":\"search_term_string\"}}],\"inLanguage\":\"en-US\"},{\"@type\":\"Organization\",\"@id\":\"https:\/\/eukalypton.com\/#organization\",\"name\":\"Eukalypton - Consultation et Innovation\",\"url\":\"https:\/\/eukalypton.com\/\",\"logo\":{\"@type\":\"ImageObject\",\"inLanguage\":\"en-US\",\"@id\":\"https:\/\/eukalypton.com\/#\/schema\/logo\/image\/\",\"url\":\"https:\/\/eukalypton.com\/wp-content\/uploads\/2024\/06\/logo-Eukalypton-topbar.png\",\"contentUrl\":\"https:\/\/eukalypton.com\/wp-content\/uploads\/2024\/06\/logo-Eukalypton-topbar.png\",\"width\":200,\"height\":92,\"caption\":\"Eukalypton - Consultation et Innovation\"},\"image\":{\"@id\":\"https:\/\/eukalypton.com\/#\/schema\/logo\/image\/\"},\"sameAs\":[\"https:\/\/www.linkedin.com\/company\/eukalypton\/\",\"https:\/\/www.youtube.com\/@EUKALYPTON\"]}]}<\/script>\n<!-- \/ Yoast SEO plugin. -->","yoast_head_json":{"title":"Notre blog - Eukalypton - vous accompagne dans vos transformations","robots":{"index":"index","follow":"follow","max-snippet":"max-snippet:-1","max-image-preview":"max-image-preview:large","max-video-preview":"max-video-preview:-1"},"canonical":"https:\/\/eukalypton.com\/en\/notre-blog\/","og_locale":"en_US","og_type":"article","og_title":"Notre blog - Eukalypton - vous accompagne dans vos transformations","og_description":"Blog D\u00e9couvrez nos articles inspirants pour les entreprises et startups, porteurs de projets, associations, et territoires. Article r\u00e9cent Comment les Associations peuvent Am\u00e9liorer leur Communication et leur Visibilit\u00e9 JunelDev 20 juin 2024 La communication efficace est essentielle pour le succ\u00e8s des associations, qu&#8217;elles soient locales ou internationales. En Europe et en Afrique, les associations font [&hellip;]","og_url":"https:\/\/eukalypton.com\/en\/notre-blog\/","og_site_name":"Eukalypton - vous accompagne dans vos transformations","article_modified_time":"2024-07-26T15:40:54+00:00","og_image":[{"url":"https:\/\/eukalypton.com\/wp-content\/uploads\/2024\/06\/11472-768x512.jpg","type":"","width":"","height":""}],"twitter_card":"summary_large_image","twitter_misc":{"Est. reading time":"1 minute"},"schema":{"@context":"https:\/\/schema.org","@graph":[{"@type":"WebPage","@id":"https:\/\/eukalypton.com\/en\/notre-blog\/","url":"https:\/\/eukalypton.com\/en\/notre-blog\/","name":"Notre blog - Eukalypton - vous accompagne dans vos transformations","isPartOf":{"@id":"https:\/\/eukalypton.com\/#website"},"primaryImageOfPage":{"@id":"https:\/\/eukalypton.com\/en\/notre-blog\/#primaryimage"},"image":{"@id":"https:\/\/eukalypton.com\/en\/notre-blog\/#primaryimage"},"thumbnailUrl":"https:\/\/eukalypton.com\/wp-content\/uploads\/2024\/06\/11472-768x512.jpg","datePublished":"2024-05-31T14:55:07+00:00","dateModified":"2024-07-26T15:40:54+00:00","breadcrumb":{"@id":"https:\/\/eukalypton.com\/en\/notre-blog\/#breadcrumb"},"inLanguage":"en-US","potentialAction":[{"@type":"ReadAction","target":["https:\/\/eukalypton.com\/en\/notre-blog\/"]}]},{"@type":"ImageObject","inLanguage":"en-US","@id":"https:\/\/eukalypton.com\/en\/notre-blog\/#primaryimage","url":"https:\/\/eukalypton.com\/wp-content\/uploads\/2024\/06\/11472-768x512.jpg","contentUrl":"https:\/\/eukalypton.com\/wp-content\/uploads\/2024\/06\/11472-768x512.jpg"},{"@type":"BreadcrumbList","@id":"https:\/\/eukalypton.com\/en\/notre-blog\/#breadcrumb","itemListElement":[{"@type":"ListItem","position":1,"name":"Accueil","item":"https:\/\/eukalypton.com\/"},{"@type":"ListItem","position":2,"name":"Notre blog"}]},{"@type":"WebSite","@id":"https:\/\/eukalypton.com\/#website","url":"https:\/\/eukalypton.com\/","name":"Eukalypton - Consultation et Innovation","description":"","publisher":{"@id":"https:\/\/eukalypton.com\/#organization"},"potentialAction":[{"@type":"SearchAction","target":{"@type":"EntryPoint","urlTemplate":"https:\/\/eukalypton.com\/?s={search_term_string}"},"query-input":{"@type":"PropertyValueSpecification","valueRequired":true,"valueName":"search_term_string"}}],"inLanguage":"en-US"},{"@type":"Organization","@id":"https:\/\/eukalypton.com\/#organization","name":"Eukalypton - Consultation et Innovation","url":"https:\/\/eukalypton.com\/","logo":{"@type":"ImageObject","inLanguage":"en-US","@id":"https:\/\/eukalypton.com\/#\/schema\/logo\/image\/","url":"https:\/\/eukalypton.com\/wp-content\/uploads\/2024\/06\/logo-Eukalypton-topbar.png","contentUrl":"https:\/\/eukalypton.com\/wp-content\/uploads\/2024\/06\/logo-Eukalypton-topbar.png","width":200,"height":92,"caption":"Eukalypton - Consultation et Innovation"},"image":{"@id":"https:\/\/eukalypton.com\/#\/schema\/logo\/image\/"},"sameAs":["https:\/\/www.linkedin.com\/company\/eukalypton\/","https:\/\/www.youtube.com\/@EUKALYPTON"]}]}},"rttpg_featured_image_url":null,"rttpg_author":{"display_name":"JunelDev","author_link":"https:\/\/eukalypton.com\/en\/author\/juneldev\/"},"rttpg_comment":0,"rttpg_category":"","rttpg_excerpt":"Blog D\u00e9couvrez nos articles inspirants pour les entreprises et startups, porteurs de projets, associations, et territoires. Article r\u00e9cent Comment les Associations peuvent Am\u00e9liorer leur Communication et leur Visibilit\u00e9 JunelDev 20 juin 2024 La communication efficace est essentielle pour le succ\u00e8s des associations, qu&#8217;elles soient locales ou internationales. En Europe et en Afrique, les associations font&hellip;","_links":{"self":[{"href":"https:\/\/eukalypton.com\/en\/wp-json\/wp\/v2\/pages\/465","targetHints":{"allow":["GET"]}}],"collection":[{"href":"https:\/\/eukalypton.com\/en\/wp-json\/wp\/v2\/pages"}],"about":[{"href":"https:\/\/eukalypton.com\/en\/wp-json\/wp\/v2\/types\/page"}],"author":[{"embeddable":true,"href":"https:\/\/eukalypton.com\/en\/wp-json\/wp\/v2\/users\/1"}],"replies":[{"embeddable":true,"href":"https:\/\/eukalypton.com\/en\/wp-json\/wp\/v2\/comments?post=465"}],"version-history":[{"count":68,"href":"https:\/\/eukalypton.com\/en\/wp-json\/wp\/v2\/pages\/465\/revisions"}],"predecessor-version":[{"id":2481,"href":"https:\/\/eukalypton.com\/en\/wp-json\/wp\/v2\/pages\/465\/revisions\/2481"}],"wp:attachment":[{"href":"https:\/\/eukalypton.com\/en\/wp-json\/wp\/v2\/media?parent=465"}],"curies":[{"name":"wp","href":"https:\/\/api.w.org\/{rel}","templated":true}]}}